{"id":24,"date":"2025-01-23T15:00:11","date_gmt":"2025-01-23T15:00:11","guid":{"rendered":"https:\/\/www.amenergiesophro.fr\/?page_id=24"},"modified":"2025-06-23T14:39:31","modified_gmt":"2025-06-23T14:39:31","slug":"la-ho-chi","status":"publish","type":"page","link":"https:\/\/www.amenergiesophro.fr\/?page_id=24","title":{"rendered":"La Ho Chi"},"content":{"rendered":"\n<p>Le <strong>La Ho Chi <\/strong>est un soin \u00e9nerg\u00e9tique par apposition des mains, dont les fondements sont d&rsquo;origine chinoise et transmis par Elisabeth Chandler.<\/p>\n\n\n\n<p>Les soins La Ho Chi permettent de soigner la terre, les \u00eatres humains, les plantes et les animaux.<\/p>\n\n\n\n<p>Le La Ho Chi est une technique \u00e9nerg\u00e9tique et vibratoire \u00e0 tr\u00e8s haute fr\u00e9quence. Simple et puissante, elle a pour but de soulager les maux du corps et de l&rsquo;esprit. L&rsquo;\u00e9nergie permet une harmonisation des diff\u00e9rents plans de l&rsquo;\u00eatre, aussi bien au niveau physique, mental, qu&rsquo;\u00e9motionnel.<\/p>\n\n\n\n<p>Les bienfaits d&rsquo;une s\u00e9ance de La Ho Chi :<\/p>\n\n\n\n<p>&#8211; Il apporte une profonde relaxation.<\/p>\n\n\n\n<p>&#8211; Il favorise la s\u00e9r\u00e9nit\u00e9 et la paix int\u00e9rieure.<\/p>\n\n\n\n<p>&#8211; Il revitalise le corps et l&rsquo;esprit.<\/p>\n\n\n\n<p>&#8211; Il favorise une meilleure circulation de l&rsquo;\u00e9nergie, lib\u00e8re les blocages.<\/p>\n\n\n\n<p>&#8211; Il dissipe le stress, l&rsquo;anxi\u00e9t\u00e9, l&rsquo;angoisse.<\/p>\n\n\n\n<p>&#8211; Il am\u00e9liore le sommeil.<\/p>\n\n\n\n<p>&#8211; Il renforce le syst\u00e8me immunitaire.<\/p>\n\n\n\n<p>&#8211; Il agit sur la fatigue, les chocs \u00e9motionnels, la d\u00e9pression, le mal-\u00eatre, le manque de confiance en soi&#8230;<\/p>\n\n\n\n<p>Le La Ho Chi a un seul niveau qui permet de devenir Praticien (ne) et enseignant (e).<\/p>\n\n\n\n<p>la transmission de cette fr\u00e9quence de gu\u00e9rison \u00e0 pour but d&rsquo;\u00eatre simple et accessible \u00e0 tous.<\/p>\n\n\n\n<p>D\u00e9roulement d&rsquo;une s\u00e9ance en pr\u00e9sentiel et \u00e0 distance :<\/p>\n\n\n\n<p>La s\u00e9ance \u00e0 distance se fait avec un rendez-vous en visio pour l&rsquo;entretien\/ face book et une photo pour la s\u00e9ance.<\/p>\n\n\n\n<p>Si vous souhaitez plus d&rsquo;informations ou un rendez-vous, contactez moi au&nbsp;<strong>06 58 15 02 89<\/strong>.<\/p>\n\n\n\n<p><mark style=\"background-color:rgba(0, 0, 0, 0)\" class=\"has-inline-color has-theme-palette-1-color\">Les s\u00e9ances ne remplacent absolument pas un traitement de la m\u00e9decine conventionnelle et si vous en avez un en cours, il ne doit pas \u00eatre interrompu.<\/mark><\/p>\n\n\n\n<p><strong>La Ho Chi de la 13\u00e8me Octave<\/strong>, canalis\u00e9 par Linda Dillon. C&rsquo;est un compl\u00e9ment du La Ho Chi.<\/p>\n\n\n\n<p>Les bienfaits d&rsquo;une s\u00e9ance de La Ho Chi de la 13\u00e8me Octave :<\/p>\n\n\n\n<ul class=\"wp-block-list\">\n<li>paix int\u00e9rieure<\/li>\n\n\n\n<li>m\u00e9ridiens renforc\u00e9s<\/li>\n\n\n\n<li>diminution du stress<\/li>\n\n\n\n<li>union avec le Coeur Divin<\/li>\n\n\n\n<li>augmentation de la conscience spirituelle<\/li>\n\n\n\n<li>ancrage du Soi universel et de l&rsquo;Ame<\/li>\n\n\n\n<li>lib\u00e9ration des blocages \u00e9motionnels<\/li>\n\n\n\n<li>ouverture et harmonisation des 13 chakras<\/li>\n\n\n\n<li>activation des parties inexplor\u00e9es du cerveau<\/li>\n\n\n\n<li>acc\u00e9l\u00e9ration de la gu\u00e9rison<\/li>\n\n\n\n<li>nettoyage du syst\u00e8me lymphatique<\/li>\n\n\n\n<li>\u00e9quilibration des hanches<\/li>\n\n\n\n<li>vitalisation des organes et des glandes<\/li>\n\n\n\n<li>visions, pour le donneur et pour le receveur<\/li>\n\n\n\n<li>la 13\u00e8me Octave permet l&rsquo;acc\u00e8s \u00e0 la 7\u00e8me Dimension<\/li>\n\n\n\n<li>La 13\u00e8me Octave est la cl\u00e9 qui permet d&rsquo;acc\u00e9der \u00e0 la m\u00e9morisation de notre \u00e9tat pur de perfection, de conscience, de savoir et d&rsquo;amour, l&rsquo;\u00e9tat que nous m\u00e9ritons tous<\/li>\n<\/ul>\n\n\n\n<p>Le La Ho Chi de la 13\u00e8me Octave a un seul niveau qui permet de devenir Praticien (ne) et enseignant (e).<\/p>\n\n\n\n<p>D\u00e9roulement d&rsquo;une s\u00e9ance en pr\u00e9sentiel et \u00e0 distance :<\/p>\n\n\n\n<p>La s\u00e9ance \u00e0 distance se fait avec un rendez-vous en visio pour l&rsquo;entretien\/ face book et une photo pour la s\u00e9ance.<\/p>\n\n\n\n<p>Si vous souhaitez plus d&rsquo;informations ou un rendez-vous, contactez moi au&nbsp;<strong>06 58 15 02 89<\/strong>.<\/p>\n\n\n\n<p><strong>La Ho Chi des 4 directions<\/strong>, une haute fr\u00e9quence de soins \u00e9nerg\u00e9tiques par les mains,  Mouvement &#8211; Energie &#8211; Lumi\u00e8re, transmis par Joseph Di Vincenzo, cr\u00e9ateur et praticien formateur du La Ho Chi des 4 directions.<\/p>\n\n\n\n<p>Les bienfaits d&rsquo;une s\u00e9ance de La Ho Chi des 4 directions :<\/p>\n\n\n\n<ul class=\"wp-block-list\">\n<li>Introduit des vibrations de couleur et de sant\u00e9<\/li>\n\n\n\n<li>am\u00e9liore, dans le champ \u00e9th\u00e9rique, un traitement d&rsquo;acupuncture<\/li>\n\n\n\n<li>change de vibrations les essences florales et min\u00e9rales<\/li>\n\n\n\n<li>\u00e9quilibre la circulation du fluide cr\u00e2nien dans le cerveau et \u00e9quilibre le syst\u00e8me c\u00e9r\u00e9brospinal<\/li>\n\n\n\n<li>ouvre les 21 centres d&rsquo;\u00e9nergies du corps ou le syst\u00e8me d&rsquo;anatomie des m\u00e9ridiens<\/li>\n\n\n\n<li>ouvre les blocages dans les corps d&rsquo;\u00e9nergies subtiles<\/li>\n\n\n\n<li>ouvre et nettoie le syst\u00e8me des chakras<\/li>\n\n\n\n<li>r\u00e9align\u00e9e la structure du corps<\/li>\n\n\n\n<li>d\u00e9gage les blocages \u00e9lectriques dans l&rsquo;\u00e9nergie du corps, semblable \u00e0 un r\u00e9seau de liens entre la m\u00e9moire cellulaire et le corps physique, afin que l&rsquo;information puisse passer librement<\/li>\n\n\n\n<li> \u00e9largit le champ d&rsquo;\u00e9nergie<\/li>\n\n\n\n<li>&#8230;<\/li>\n<\/ul>\n\n\n\n<p>Le La Ho Chi des 4 directions a un seul niveau qui permet de devenir Praticien (ne) et enseignant (e).<\/p>\n\n\n\n<p>D\u00e9roulement d&rsquo;une s\u00e9ance en pr\u00e9sentiel et \u00e0 distance :<\/p>\n\n\n\n<p>La s\u00e9ance \u00e0 distance se fait avec un rendez-vous en visio pour l&rsquo;entretien\/ face book et une photo pour la s\u00e9ance.<\/p>\n\n\n\n<p>Si vous souhaitez plus d&rsquo;informations ou un rendez-vous, contactez moi au&nbsp;<strong>06 58 15 02 89<\/strong>.<\/p>\n\n\n\n<p><strong>Code d\u2019honneur du Pratiquant et Enseignant La Ho Chi<\/strong><\/p>\n\n\n\n<p>Je m\u2019engage \u00e0 :<\/p>\n\n\n\n<p>Respecter et suivre les Id\u00e9aux du Reiki de Mikao Usui et en favoriser la diffusion. Ils sont un guide de conduite permanente dans la vie quotidienne, ainsi qu\u2019une partie importante de l\u2019enseignement et la pratique du Reiki ou La Ho Chi.<br>Continuer \u00e0 travailler sur sa propre \u00e9volution personnelle et professionnelle, \u00e0 tous les niveaux, dans l\u2019esprit du La Ho Chi.<br>Laisser \u00e0 chacun le libre choix du Praticien ou du Ma\u00eetre Enseignant.<br>Encourager le praticien \u00e0 se perfectionner.<br>Toujours traiter les \u00e9l\u00e8ves et les personnes demandant des s\u00e9ances de La Ho Chi avec le plus grand respect.<br>Apporter toute information utile \u00e0 tout \u00e9l\u00e8ve ou personne demandant une s\u00e9ance de La Ho Chi.<br>Toujours pratiquer une communication honn\u00eate et transparente sur le La Ho Chi, sa nature, son potentiel et ses limites, la dur\u00e9e et les modalit\u00e9s de d\u00e9roulement des s\u00e9ances de La Ho Chi.<br>Informer clairement des tarifs pratiqu\u00e9s pour les s\u00e9ances de La Ho Chi et pour les formations.<br>Donner toutes les pr\u00e9cisions concernant les stages et les s\u00e9ances de La Ho Chi (contenu, dur\u00e9e, co\u00fbt, etc.).<br>Ne jamais \u00e9mettre de diagnostic, d\u2019aucun type.<br>N\u2019interf\u00e9rer en aucun cas dans la relation des clients La Ho Chi avec le corps m\u00e9dical.<br>Expliquer que le La Ho Chi passe parfaitement bien \u00e0 travers les v\u00eatements et qu\u2019il n\u2019est donc nul besoin de se d\u00e9v\u00eatir.<br>Respecter la confidentialit\u00e9 des informations re\u00e7ues de la personne pendant une s\u00e9ance ou une formation de La Ho Chi, quelle qu\u2019en soit la nature.<br>Encourager les Praticiens et Maitres Enseignants \u00e0 observer une hygi\u00e8ne de vie saine, pendant leurs activit\u00e9s La Ho Chi : stages et\/ou s\u00e9ances de La Ho Chi.<br>Respecter les lois et les r\u00e8glements sur la propri\u00e9t\u00e9 intellectuelle.<br>Travailler toujours avec Honn\u00eatet\u00e9, Respect, Conscience et Amour.<br>Respecter la vie priv\u00e9e de chaque personne \u00e0 laquelle seront prodigu\u00e9es des s\u00e9ances de La Ho Chi.<\/p>\n","protected":false},"excerpt":{"rendered":"<p>Le La Ho Chi est un soin \u00e9nerg\u00e9tique par apposition des mains, dont les fondements sont d&rsquo;origine chinoise et transmis par Elisabeth Chandler. Les soins La Ho Chi permettent de soigner la terre, les \u00eatres humains, les plantes et les animaux. Le La Ho Chi est une technique \u00e9nerg\u00e9tique et vibratoire \u00e0 tr\u00e8s haute fr\u00e9quence&#8230;.<\/p>\n","protected":false},"author":1,"featured_media":49,"parent":0,"menu_order":0,"comment_status":"closed","ping_status":"closed","template":"","meta":{"_kad_post_transparent":"","_kad_post_title":"","_kad_post_layout":"","_kad_post_sidebar_id":"","_kad_post_content_style":"","_kad_post_vertical_padding":"","_kad_post_feature":"","_kad_post_feature_position":"","_kad_post_header":false,"_kad_post_footer":false,"_kad_post_classname":"","footnotes":""},"class_list":["post-24","page","type-page","status-publish","has-post-thumbnail","hentry"],"_links":{"self":[{"href":"https:\/\/www.amenergiesophro.fr\/index.php?rest_route=\/wp\/v2\/pages\/24","targetHints":{"allow":["GET"]}}],"collection":[{"href":"https:\/\/www.amenergiesophro.fr\/index.php?rest_route=\/wp\/v2\/pages"}],"about":[{"href":"https:\/\/www.amenergiesophro.fr\/index.php?rest_route=\/wp\/v2\/types\/page"}],"author":[{"embeddable":true,"href":"https:\/\/www.amenergiesophro.fr\/index.php?rest_route=\/wp\/v2\/users\/1"}],"replies":[{"embeddable":true,"href":"https:\/\/www.amenergiesophro.fr\/index.php?rest_route=%2Fwp%2Fv2%2Fcomments&post=24"}],"version-history":[{"count":4,"href":"https:\/\/www.amenergiesophro.fr\/index.php?rest_route=\/wp\/v2\/pages\/24\/revisions"}],"predecessor-version":[{"id":103,"href":"https:\/\/www.amenergiesophro.fr\/index.php?rest_route=\/wp\/v2\/pages\/24\/revisions\/103"}],"wp:featuredmedia":[{"embeddable":true,"href":"https:\/\/www.amenergiesophro.fr\/index.php?rest_route=\/wp\/v2\/media\/49"}],"wp:attachment":[{"href":"https:\/\/www.amenergiesophro.fr\/index.php?rest_route=%2Fwp%2Fv2%2Fmedia&parent=24"}],"curies":[{"name":"wp","href":"https:\/\/api.w.org\/{rel}","templated":true}]}}