{"id":155,"date":"2026-03-29T18:39:36","date_gmt":"2026-03-29T18:39:36","guid":{"rendered":"https:\/\/www.amenergiesophro.fr\/?page_id=155"},"modified":"2026-03-29T19:06:34","modified_gmt":"2026-03-29T19:06:34","slug":"soin-metamorphique","status":"publish","type":"page","link":"https:\/\/www.amenergiesophro.fr\/?page_id=155","title":{"rendered":"Soin m\u00e9tamorphique"},"content":{"rendered":"\n<p><strong>Massage m\u00e9tamorphique<\/strong> de Robert St John (ann\u00e9e 1960), r\u00e9flexologue britannique.<\/p>\n\n\n\n<p>C&rsquo;est un soin doux et profond, il accompagne un processus naturel de lib\u00e9ration et de transformation int\u00e9rieure.<\/p>\n\n\n\n<p>il est recommand\u00e9 pour les changements de saison.<\/p>\n\n\n\n<p>C&rsquo;est un massage sp\u00e9cifique des zones r\u00e9flexes, correspondant \u00e0 la colonne vert\u00e9brale, sur les pieds, les mains et la t\u00eate.<\/p>\n\n\n\n<p>Cette technique agit sur :<\/p>\n\n\n\n<ul class=\"wp-block-list\">\n<li>les peurs inconscientes subies au cours de l&rsquo;enfance, qui se ressentent \u00e0 l&rsquo;\u00e2ge adulte, entrainant divers troubles (anorexie, boulimie, timidit\u00e9, phobies&#8230;)<\/li>\n\n\n\n<li>les peurs conscientes imm\u00e9diates (peur de l&rsquo;eau, peur du noir&#8230;)<\/li>\n\n\n\n<li>l&rsquo;insomnie, les cauchemars r\u00e9p\u00e9t\u00e9s<\/li>\n\n\n\n<li>les blocages ou manque d&rsquo;\u00e9nergie<\/li>\n\n\n\n<li>les difficult\u00e9s de m\u00e9morisation <\/li>\n\n\n\n<li>l&rsquo;anxi\u00e9t\u00e9, les angoisses, la nervosit\u00e9 int\u00e9rieure<\/li>\n\n\n\n<li>certains cas d&rsquo;allergies, asthme, ecz\u00e9ma&#8230;<\/li>\n\n\n\n<li>les douleurs chroniques, certains troubles fonctionnels <\/li>\n\n\n\n<li>Alzheimer et personnes alit\u00e9es&#8230;<\/li>\n<\/ul>\n\n\n\n<p><strong>Vous avez envie de changement de carri\u00e8re, de d\u00e9m\u00e9nagement, de d\u00e9velopper votre propre force vitale et de de choisir votre propre voie.<\/strong><\/p>\n\n\n\n<figure class=\"wp-block-image size-large\"><img loading=\"lazy\" decoding=\"async\" width=\"1024\" height=\"559\" src=\"https:\/\/www.amenergiesophro.fr\/wp-content\/uploads\/2026\/03\/Gemini_Generated_Image_rbw5ivrbw5ivrbw5-1024x559.png\" alt=\"\" class=\"wp-image-158\" srcset=\"https:\/\/www.amenergiesophro.fr\/wp-content\/uploads\/2026\/03\/Gemini_Generated_Image_rbw5ivrbw5ivrbw5-1024x559.png 1024w, https:\/\/www.amenergiesophro.fr\/wp-content\/uploads\/2026\/03\/Gemini_Generated_Image_rbw5ivrbw5ivrbw5-300x164.png 300w, https:\/\/www.amenergiesophro.fr\/wp-content\/uploads\/2026\/03\/Gemini_Generated_Image_rbw5ivrbw5ivrbw5-768x419.png 768w, https:\/\/www.amenergiesophro.fr\/wp-content\/uploads\/2026\/03\/Gemini_Generated_Image_rbw5ivrbw5ivrbw5.png 1408w\" sizes=\"auto, (max-width: 1024px) 100vw, 1024px\" \/><\/figure>\n","protected":false},"excerpt":{"rendered":"<p>Massage m\u00e9tamorphique de Robert St John (ann\u00e9e 1960), r\u00e9flexologue britannique. C&rsquo;est un soin doux et profond, il accompagne un processus naturel de lib\u00e9ration et de transformation int\u00e9rieure. il est recommand\u00e9 pour les changements de saison. C&rsquo;est un massage sp\u00e9cifique des zones r\u00e9flexes, correspondant \u00e0 la colonne vert\u00e9brale, sur les pieds, les mains et la t\u00eate&#8230;.<\/p>\n","protected":false},"author":1,"featured_media":49,"parent":0,"menu_order":0,"comment_status":"closed","ping_status":"closed","template":"","meta":{"_kad_post_transparent":"","_kad_post_title":"","_kad_post_layout":"","_kad_post_sidebar_id":"","_kad_post_content_style":"","_kad_post_vertical_padding":"","_kad_post_feature":"","_kad_post_feature_position":"","_kad_post_header":false,"_kad_post_footer":false,"_kad_post_classname":"","footnotes":""},"class_list":["post-155","page","type-page","status-publish","has-post-thumbnail","hentry"],"_links":{"self":[{"href":"https:\/\/www.amenergiesophro.fr\/index.php?rest_route=\/wp\/v2\/pages\/155","targetHints":{"allow":["GET"]}}],"collection":[{"href":"https:\/\/www.amenergiesophro.fr\/index.php?rest_route=\/wp\/v2\/pages"}],"about":[{"href":"https:\/\/www.amenergiesophro.fr\/index.php?rest_route=\/wp\/v2\/types\/page"}],"author":[{"embeddable":true,"href":"https:\/\/www.amenergiesophro.fr\/index.php?rest_route=\/wp\/v2\/users\/1"}],"replies":[{"embeddable":true,"href":"https:\/\/www.amenergiesophro.fr\/index.php?rest_route=%2Fwp%2Fv2%2Fcomments&post=155"}],"version-history":[{"count":5,"href":"https:\/\/www.amenergiesophro.fr\/index.php?rest_route=\/wp\/v2\/pages\/155\/revisions"}],"predecessor-version":[{"id":164,"href":"https:\/\/www.amenergiesophro.fr\/index.php?rest_route=\/wp\/v2\/pages\/155\/revisions\/164"}],"wp:featuredmedia":[{"embeddable":true,"href":"https:\/\/www.amenergiesophro.fr\/index.php?rest_route=\/wp\/v2\/media\/49"}],"wp:attachment":[{"href":"https:\/\/www.amenergiesophro.fr\/index.php?rest_route=%2Fwp%2Fv2%2Fmedia&parent=155"}],"curies":[{"name":"wp","href":"https:\/\/api.w.org\/{rel}","templated":true}]}}