{"id":128,"date":"2025-11-23T10:43:03","date_gmt":"2025-11-23T10:43:03","guid":{"rendered":"https:\/\/www.amenergiesophro.fr\/?page_id=128"},"modified":"2025-11-23T10:45:16","modified_gmt":"2025-11-23T10:45:16","slug":"triangle-dor-disis","status":"publish","type":"page","link":"https:\/\/www.amenergiesophro.fr\/?page_id=128","title":{"rendered":"Triangle d&rsquo;Or d&rsquo;Isis"},"content":{"rendered":"\n<p>C&rsquo;est une technique de soin \u00e9nerg\u00e9tique tr\u00e8s puissante, pratiqu\u00e9e par l&rsquo;apposition des mains sans contact avec la personne.<\/p>\n\n\n\n<p>Elle permet de canaliser la tr\u00e8s haute fr\u00e9quence de la Lumi\u00e8re.<\/p>\n\n\n\n<p>Inspir\u00e9e des techniques de soin de l&rsquo;Ancienne Egypte, elle est en lien avec la D\u00e9esse Isis.<\/p>\n\n\n\n<p>Cette \u00e9nergie est douce et puissante, elle perdure longuement dans ses effets b\u00e9n\u00e9fiques.<\/p>\n\n\n\n<p>Le soin du Triangle d&rsquo;Or d&rsquo;Isis :<\/p>\n\n\n\n<ul class=\"wp-block-list\">\n<li>r\u00e9active la circulation \u00e9nerg\u00e9tique dans les m\u00e9ridiens et les chakras<\/li>\n\n\n\n<li>\u00e9quilibre le principe f\u00e9minin et le principe masculin pr\u00e9sents en chacun de nous<\/li>\n\n\n\n<li>Apporte du Mieux-Etre, de la d\u00e9tente, du l\u00e2cher prise, de l&rsquo;apaisement<\/li>\n\n\n\n<li>permet de se re connecter \u00e0 son F\u00e9minin ou Masculin Sacr\u00e9<\/li>\n<\/ul>\n\n\n\n<p>Ouverte aux femmes, aux hommes, aux ados et aux enfants, cette technique vous aide \u00e0 vous pardonner \u00e0 vous m\u00eame, \u00e0 vous apporter de l&rsquo;amour, \u00e0 rallumer votre cr\u00e9ativit\u00e9 et \u00e0 vous apporter de la douceur.<\/p>\n\n\n\n<p>C&rsquo;est un nettoyage \u00e9nerg\u00e9tique conseill\u00e9 si vous avez v\u00e9cu des abus ou des violences.<\/p>\n\n\n\n<p>Elle procure un apaisement des douleurs li\u00e9es \u00e0 l&rsquo;endom\u00e9triose.<\/p>\n\n\n\n<p>Elle aide \u00e0 la r\u00e9paration des m\u00e9moires endommag\u00e9es par une fausse couche ou un avortement, que ces faits soient anciens ou r\u00e9cents.<\/p>\n\n\n\n<p>Cette technique est \u00e9galement id\u00e9ale pour la lib\u00e9ration de la sexualit\u00e9 ou aider \u00e0 vivre la m\u00e9nopause ou l&rsquo;andropause.<\/p>\n\n\n\n<p>Elle se d\u00e9roule en 3 temps :<\/p>\n\n\n\n<ul class=\"wp-block-list\">\n<li>Un temps d&rsquo;\u00e9change verbal pour \u00e9changer sur vos besoins<\/li>\n\n\n\n<li>un temps de soin <\/li>\n\n\n\n<li>un temps d&rsquo;\u00e9change sur vos ressentis<\/li>\n<\/ul>\n\n\n\n<p>Le soin dure 1H.<\/p>\n\n\n\n<p>L&rsquo;\u00e9nergie n&rsquo;ayant pas de fronti\u00e8re, ce soin peut se d\u00e9rouler \u00e0 distance.<\/p>\n\n\n\n<figure class=\"wp-block-image size-full\"><img loading=\"lazy\" decoding=\"async\" width=\"1000\" height=\"561\" src=\"https:\/\/www.amenergiesophro.fr\/wp-content\/uploads\/2025\/11\/2151625910.jpg\" alt=\"\" class=\"wp-image-129\" srcset=\"https:\/\/www.amenergiesophro.fr\/wp-content\/uploads\/2025\/11\/2151625910.jpg 1000w, https:\/\/www.amenergiesophro.fr\/wp-content\/uploads\/2025\/11\/2151625910-300x168.jpg 300w, https:\/\/www.amenergiesophro.fr\/wp-content\/uploads\/2025\/11\/2151625910-768x431.jpg 768w\" sizes=\"auto, (max-width: 1000px) 100vw, 1000px\" \/><\/figure>\n","protected":false},"excerpt":{"rendered":"<p>C&rsquo;est une technique de soin \u00e9nerg\u00e9tique tr\u00e8s puissante, pratiqu\u00e9e par l&rsquo;apposition des mains sans contact avec la personne. Elle permet de canaliser la tr\u00e8s haute fr\u00e9quence de la Lumi\u00e8re. Inspir\u00e9e des techniques de soin de l&rsquo;Ancienne Egypte, elle est en lien avec la D\u00e9esse Isis. Cette \u00e9nergie est douce et puissante, elle perdure longuement dans&#8230;<\/p>\n","protected":false},"author":1,"featured_media":49,"parent":0,"menu_order":0,"comment_status":"closed","ping_status":"closed","template":"","meta":{"_kad_post_transparent":"","_kad_post_title":"","_kad_post_layout":"","_kad_post_sidebar_id":"","_kad_post_content_style":"","_kad_post_vertical_padding":"","_kad_post_feature":"","_kad_post_feature_position":"","_kad_post_header":false,"_kad_post_footer":false,"_kad_post_classname":"","footnotes":""},"class_list":["post-128","page","type-page","status-publish","has-post-thumbnail","hentry"],"_links":{"self":[{"href":"https:\/\/www.amenergiesophro.fr\/index.php?rest_route=\/wp\/v2\/pages\/128","targetHints":{"allow":["GET"]}}],"collection":[{"href":"https:\/\/www.amenergiesophro.fr\/index.php?rest_route=\/wp\/v2\/pages"}],"about":[{"href":"https:\/\/www.amenergiesophro.fr\/index.php?rest_route=\/wp\/v2\/types\/page"}],"author":[{"embeddable":true,"href":"https:\/\/www.amenergiesophro.fr\/index.php?rest_route=\/wp\/v2\/users\/1"}],"replies":[{"embeddable":true,"href":"https:\/\/www.amenergiesophro.fr\/index.php?rest_route=%2Fwp%2Fv2%2Fcomments&post=128"}],"version-history":[{"count":2,"href":"https:\/\/www.amenergiesophro.fr\/index.php?rest_route=\/wp\/v2\/pages\/128\/revisions"}],"predecessor-version":[{"id":131,"href":"https:\/\/www.amenergiesophro.fr\/index.php?rest_route=\/wp\/v2\/pages\/128\/revisions\/131"}],"wp:featuredmedia":[{"embeddable":true,"href":"https:\/\/www.amenergiesophro.fr\/index.php?rest_route=\/wp\/v2\/media\/49"}],"wp:attachment":[{"href":"https:\/\/www.amenergiesophro.fr\/index.php?rest_route=%2Fwp%2Fv2%2Fmedia&parent=128"}],"curies":[{"name":"wp","href":"https:\/\/api.w.org\/{rel}","templated":true}]}}