{"id":115,"date":"2025-09-10T16:17:49","date_gmt":"2025-09-10T16:17:49","guid":{"rendered":"https:\/\/www.amenergiesophro.fr\/?page_id=115"},"modified":"2026-03-29T18:38:29","modified_gmt":"2026-03-29T18:38:29","slug":"massage-shirotchampi","status":"publish","type":"page","link":"https:\/\/www.amenergiesophro.fr\/?page_id=115","title":{"rendered":"Massage Shirotchampi"},"content":{"rendered":"\n<p><strong>Le Shirotchampi <\/strong>est un massage du cuir chevelu. C&rsquo;est une discipline ayurv\u00e9dique (\u00ab\u00a0ayur\u00a0\u00bb = vie, et \u00ab\u00a0v\u00e9da\u00a0\u00bb = science).<\/p>\n\n\n\n<p>C&rsquo;est une sagesse et une technique originaire d&rsquo;Inde, qui est pratiqu\u00e9e en Asie.<\/p>\n\n\n\n<p>L&rsquo;ayurveda, tel que nous le connaissons est une m\u00e9thode r\u00e9invent\u00e9e par Swami Yogi Anand Bharati, un c\u00e9l\u00e8bre m\u00e9decin ayurv\u00e9diste contemporain.<\/p>\n\n\n\n<p>C&rsquo;est un modelage de la t\u00eate et de la nuque. il consiste \u00e0 masser les \u00e9paules, la nuque, le cr\u00e2ne et le visage. <\/p>\n\n\n\n<p>Il est recommand\u00e9 pour la repousse des cheveux, il \u00e9claircit les id\u00e9es, il favorise la concentration, le l\u00e2cher prise, il apaise le mental, les ruminations, il am\u00e9liore le sommeil, il stimule et fluidifie la circulation sanguine, il assainit et hydrate le cuir chevelu, il installe une profonde d\u00e9tente&#8230;<\/p>\n\n\n\n<p>Il se d\u00e9roule en 2 temps : un temps relaxant et un temps tonifiant.<\/p>\n\n\n<div class=\"wp-block-image\">\n<figure class=\"aligncenter size-medium is-resized\"><img loading=\"lazy\" decoding=\"async\" width=\"300\" height=\"200\" src=\"https:\/\/www.amenergiesophro.fr\/wp-content\/uploads\/2025\/09\/resize_jeune-femme-recevant-un-massage-de-tete-dans-un-centre-de-spa-300x200.jpg\" alt=\"\" class=\"wp-image-117\" style=\"width:557px;height:auto\" srcset=\"https:\/\/www.amenergiesophro.fr\/wp-content\/uploads\/2025\/09\/resize_jeune-femme-recevant-un-massage-de-tete-dans-un-centre-de-spa-300x200.jpg 300w, https:\/\/www.amenergiesophro.fr\/wp-content\/uploads\/2025\/09\/resize_jeune-femme-recevant-un-massage-de-tete-dans-un-centre-de-spa-1024x683.jpg 1024w, https:\/\/www.amenergiesophro.fr\/wp-content\/uploads\/2025\/09\/resize_jeune-femme-recevant-un-massage-de-tete-dans-un-centre-de-spa-768x512.jpg 768w, https:\/\/www.amenergiesophro.fr\/wp-content\/uploads\/2025\/09\/resize_jeune-femme-recevant-un-massage-de-tete-dans-un-centre-de-spa.jpg 1472w\" sizes=\"auto, (max-width: 300px) 100vw, 300px\" \/><\/figure>\n<\/div>","protected":false},"excerpt":{"rendered":"<p>Le Shirotchampi est un massage du cuir chevelu. C&rsquo;est une discipline ayurv\u00e9dique (\u00ab\u00a0ayur\u00a0\u00bb = vie, et \u00ab\u00a0v\u00e9da\u00a0\u00bb = science). C&rsquo;est une sagesse et une technique originaire d&rsquo;Inde, qui est pratiqu\u00e9e en Asie. L&rsquo;ayurveda, tel que nous le connaissons est une m\u00e9thode r\u00e9invent\u00e9e par Swami Yogi Anand Bharati, un c\u00e9l\u00e8bre m\u00e9decin ayurv\u00e9diste contemporain. C&rsquo;est un modelage&#8230;<\/p>\n","protected":false},"author":1,"featured_media":49,"parent":0,"menu_order":0,"comment_status":"closed","ping_status":"closed","template":"","meta":{"_kad_post_transparent":"","_kad_post_title":"","_kad_post_layout":"","_kad_post_sidebar_id":"","_kad_post_content_style":"","_kad_post_vertical_padding":"","_kad_post_feature":"","_kad_post_feature_position":"","_kad_post_header":false,"_kad_post_footer":false,"_kad_post_classname":"","footnotes":""},"class_list":["post-115","page","type-page","status-publish","has-post-thumbnail","hentry"],"_links":{"self":[{"href":"https:\/\/www.amenergiesophro.fr\/index.php?rest_route=\/wp\/v2\/pages\/115","targetHints":{"allow":["GET"]}}],"collection":[{"href":"https:\/\/www.amenergiesophro.fr\/index.php?rest_route=\/wp\/v2\/pages"}],"about":[{"href":"https:\/\/www.amenergiesophro.fr\/index.php?rest_route=\/wp\/v2\/types\/page"}],"author":[{"embeddable":true,"href":"https:\/\/www.amenergiesophro.fr\/index.php?rest_route=\/wp\/v2\/users\/1"}],"replies":[{"embeddable":true,"href":"https:\/\/www.amenergiesophro.fr\/index.php?rest_route=%2Fwp%2Fv2%2Fcomments&post=115"}],"version-history":[{"count":2,"href":"https:\/\/www.amenergiesophro.fr\/index.php?rest_route=\/wp\/v2\/pages\/115\/revisions"}],"predecessor-version":[{"id":154,"href":"https:\/\/www.amenergiesophro.fr\/index.php?rest_route=\/wp\/v2\/pages\/115\/revisions\/154"}],"wp:featuredmedia":[{"embeddable":true,"href":"https:\/\/www.amenergiesophro.fr\/index.php?rest_route=\/wp\/v2\/media\/49"}],"wp:attachment":[{"href":"https:\/\/www.amenergiesophro.fr\/index.php?rest_route=%2Fwp%2Fv2%2Fmedia&parent=115"}],"curies":[{"name":"wp","href":"https:\/\/api.w.org\/{rel}","templated":true}]}}